{"id":107,"date":"2012-05-04T20:34:42","date_gmt":"2012-05-04T17:34:42","guid":{"rendered":"http:\/\/www.korkeenkoirahoitola.fi\/?page_id=107"},"modified":"2023-10-02T13:11:11","modified_gmt":"2023-10-02T10:11:11","slug":"hoitolan-ulkotilat","status":"publish","type":"page","link":"http:\/\/www.korkeenkoirahoitola.fi\/?page_id=107","title":{"rendered":"Hoitolan ulkotilat"},"content":{"rendered":"<div id=\"attachment_176\" style=\"width: 584px\" class=\"wp-caption aligncenter\"><a href=\"http:\/\/www.korkeenkoirahoitola.fi\/wp-content\/uploads\/2012\/05\/hoitola.jpg\"><img aria-describedby=\"caption-attachment-176\" decoding=\"async\" loading=\"lazy\" class=\" wp-image-176\" title=\"Hoitolan p\u00e4\u00e4rakennus\" src=\"http:\/\/www.korkeenkoirahoitola.fi\/wp-content\/uploads\/2012\/05\/hoitola.jpg\" alt=\"\" width=\"574\" height=\"383\" srcset=\"http:\/\/www.korkeenkoirahoitola.fi\/wp-content\/uploads\/2012\/05\/hoitola.jpg 1024w, http:\/\/www.korkeenkoirahoitola.fi\/wp-content\/uploads\/2012\/05\/hoitola-300x200.jpg 300w\" sizes=\"(max-width: 574px) 100vw, 574px\" \/><\/a><p id=\"caption-attachment-176\" class=\"wp-caption-text\">Hoitolan p\u00e4\u00e4rakennus<\/p><\/div>\n<p>Ison ulkotarhan n. 400 m2 lis\u00e4ksi on ns. mets\u00e4tarha, jossa n.15 m2 m\u00f6kki ja n. 200 m2 oma ulkotarha (erinomainen paikka saman perheen 2-4 isolle koiralle, jotka saavat olla koko hoitoajan omassa tarhassaan). Mets\u00e4tarha\u00a0 varattava ajoissa.<\/p>\n<div id=\"attachment_89\" style=\"width: 249px\" class=\"wp-caption alignleft\"><a href=\"http:\/\/www.korkeenkoirahoitola.fi\/wp-content\/uploads\/2012\/05\/Hoitolakuvia-003.jpg\"><img aria-describedby=\"caption-attachment-89\" decoding=\"async\" loading=\"lazy\" class=\" wp-image-89 \" title=\"Mets\u00e4tarha\" src=\"http:\/\/www.korkeenkoirahoitola.fi\/wp-content\/uploads\/2012\/05\/Hoitolakuvia-003-300x200.jpg\" alt=\"\" width=\"239\" height=\"159\" srcset=\"http:\/\/www.korkeenkoirahoitola.fi\/wp-content\/uploads\/2012\/05\/Hoitolakuvia-003-300x200.jpg 300w, http:\/\/www.korkeenkoirahoitola.fi\/wp-content\/uploads\/2012\/05\/Hoitolakuvia-003.jpg 1024w\" sizes=\"(max-width: 239px) 100vw, 239px\" \/><\/a><p id=\"caption-attachment-89\" class=\"wp-caption-text\">Mets\u00e4tarha<\/p><\/div>\n<div id=\"attachment_91\" style=\"width: 260px\" class=\"wp-caption alignleft\"><a href=\"http:\/\/www.korkeenkoirahoitola.fi\/wp-content\/uploads\/2012\/05\/Hoitolakuvia-013.jpg\"><img aria-describedby=\"caption-attachment-91\" decoding=\"async\" loading=\"lazy\" class=\" wp-image-91 \" title=\"Ulkotarhat 6-7\" src=\"http:\/\/www.korkeenkoirahoitola.fi\/wp-content\/uploads\/2012\/05\/Hoitolakuvia-013-300x200.jpg\" alt=\"\" width=\"250\" height=\"166\" srcset=\"http:\/\/www.korkeenkoirahoitola.fi\/wp-content\/uploads\/2012\/05\/Hoitolakuvia-013-300x200.jpg 300w, http:\/\/www.korkeenkoirahoitola.fi\/wp-content\/uploads\/2012\/05\/Hoitolakuvia-013.jpg 1024w\" sizes=\"(max-width: 250px) 100vw, 250px\" \/><\/a><p id=\"caption-attachment-91\" class=\"wp-caption-text\">Ulkotarhat 6-7<\/p><\/div>\n<p>Pienempi\u00e4 tarhoja\u00a0 t\u00e4ll\u00e4 hetkell\u00e4 valmiina 9 joiden koko vaihtelee 25 m<sup>2<\/sup> &#8211; 100 m<sup>2<\/sup>.\u00a0 \u00a0Kaksimetrisiss\u00e4 tarhoissa on erist\u00e4m\u00e4t\u00f6n koppi ja laavu, mik\u00e4 mahdollistaa kes\u00e4isin y\u00f6pymisen.<\/p>\n<div id=\"attachment_101\" style=\"width: 256px\" class=\"wp-caption alignleft\"><a href=\"http:\/\/www.korkeenkoirahoitola.fi\/wp-content\/uploads\/2012\/05\/Hoitolakuvia-006.jpg\"><img aria-describedby=\"caption-attachment-101\" decoding=\"async\" loading=\"lazy\" class=\" wp-image-101 \" title=\"Tarha 5\" src=\"http:\/\/www.korkeenkoirahoitola.fi\/wp-content\/uploads\/2012\/05\/Hoitolakuvia-006-300x200.jpg\" alt=\"\" width=\"246\" height=\"164\" srcset=\"http:\/\/www.korkeenkoirahoitola.fi\/wp-content\/uploads\/2012\/05\/Hoitolakuvia-006-300x200.jpg 300w, http:\/\/www.korkeenkoirahoitola.fi\/wp-content\/uploads\/2012\/05\/Hoitolakuvia-006.jpg 1024w\" sizes=\"(max-width: 246px) 100vw, 246px\" \/><\/a><p id=\"caption-attachment-101\" class=\"wp-caption-text\">Tarha 5<\/p><\/div>\n<div id=\"attachment_90\" style=\"width: 263px\" class=\"wp-caption alignleft\"><a href=\"http:\/\/www.korkeenkoirahoitola.fi\/wp-content\/uploads\/2012\/05\/Hoitolakuvia-007.jpg\"><img aria-describedby=\"caption-attachment-90\" decoding=\"async\" loading=\"lazy\" class=\" wp-image-90 \" title=\"Ulkotarha 10\" src=\"http:\/\/www.korkeenkoirahoitola.fi\/wp-content\/uploads\/2012\/05\/Hoitolakuvia-007-300x200.jpg\" alt=\"\" width=\"253\" height=\"168\" srcset=\"http:\/\/www.korkeenkoirahoitola.fi\/wp-content\/uploads\/2012\/05\/Hoitolakuvia-007-300x200.jpg 300w, http:\/\/www.korkeenkoirahoitola.fi\/wp-content\/uploads\/2012\/05\/Hoitolakuvia-007.jpg 1024w\" sizes=\"(max-width: 253px) 100vw, 253px\" \/><\/a><p id=\"caption-attachment-90\" class=\"wp-caption-text\">Ulkotarha 10 jossa ovellinen sis\u00e4tila<\/p><\/div>\n<p>Hoitolan kaikki ulkoalueet ovat sijoitettu tilan piha-alueelle. Talvisin auraamme vain hoitolasta suoraan ulos menev\u00e4n tarhan, joten suurin osa ulkoilutuksesta tapahtuu lenkityksin.<\/p>\n<p><a href=\"http:\/\/www.korkeenkoirahoitola.fi\/wp-content\/uploads\/2012\/05\/tarha.jpg\"><img decoding=\"async\" loading=\"lazy\" class=\" wp-image-178   \" title=\"Ulkotarha jossa eristetty sis\u00e4tila\" src=\"http:\/\/www.korkeenkoirahoitola.fi\/wp-content\/uploads\/2012\/05\/tarha-300x200.jpg\" alt=\"\" width=\"245\" height=\"163\" srcset=\"http:\/\/www.korkeenkoirahoitola.fi\/wp-content\/uploads\/2012\/05\/tarha-300x200.jpg 300w, http:\/\/www.korkeenkoirahoitola.fi\/wp-content\/uploads\/2012\/05\/tarha.jpg 1024w\" sizes=\"(max-width: 245px) 100vw, 245px\" \/><\/a><\/p>\n","protected":false},"excerpt":{"rendered":"<p>Ison ulkotarhan n. 400 m2 lis\u00e4ksi on ns. mets\u00e4tarha, jossa n.15 m2 m\u00f6kki ja n. 200 m2 oma ulkotarha (erinomainen paikka saman perheen 2-4 isolle koiralle, jotka saavat olla koko hoitoajan omassa tarhassaan). Mets\u00e4tarha\u00a0 varattava ajoissa. Pienempi\u00e4 tarhoja\u00a0 t\u00e4ll\u00e4 hetkell\u00e4 &hellip; <a href=\"http:\/\/www.korkeenkoirahoitola.fi\/?page_id=107\">Continue reading <span class=\"meta-nav\">&rarr;<\/span><\/a><\/p>\n","protected":false},"author":4,"featured_media":0,"parent":0,"menu_order":0,"comment_status":"closed","ping_status":"open","template":"","meta":[],"_links":{"self":[{"href":"http:\/\/www.korkeenkoirahoitola.fi\/index.php?rest_route=\/wp\/v2\/pages\/107"}],"collection":[{"href":"http:\/\/www.korkeenkoirahoitola.fi\/index.php?rest_route=\/wp\/v2\/pages"}],"about":[{"href":"http:\/\/www.korkeenkoirahoitola.fi\/index.php?rest_route=\/wp\/v2\/types\/page"}],"author":[{"embeddable":true,"href":"http:\/\/www.korkeenkoirahoitola.fi\/index.php?rest_route=\/wp\/v2\/users\/4"}],"replies":[{"embeddable":true,"href":"http:\/\/www.korkeenkoirahoitola.fi\/index.php?rest_route=%2Fwp%2Fv2%2Fcomments&post=107"}],"version-history":[{"count":15,"href":"http:\/\/www.korkeenkoirahoitola.fi\/index.php?rest_route=\/wp\/v2\/pages\/107\/revisions"}],"predecessor-version":[{"id":588,"href":"http:\/\/www.korkeenkoirahoitola.fi\/index.php?rest_route=\/wp\/v2\/pages\/107\/revisions\/588"}],"wp:attachment":[{"href":"http:\/\/www.korkeenkoirahoitola.fi\/index.php?rest_route=%2Fwp%2Fv2%2Fmedia&parent=107"}],"curies":[{"name":"wp","href":"https:\/\/api.w.org\/{rel}","templated":true}]}}