{"id":13,"date":"2011-12-07T15:17:50","date_gmt":"2011-12-07T13:17:50","guid":{"rendered":"http:\/\/www.ataciara.fi\/korkeenkoirahoitola\/?page_id=13"},"modified":"2018-07-18T08:02:29","modified_gmt":"2018-07-18T05:02:29","slug":"taysihoito","status":"publish","type":"page","link":"http:\/\/www.korkeenkoirahoitola.fi\/?page_id=13","title":{"rendered":"Hoitolan arki"},"content":{"rendered":"<p><strong>Hoitolan aktiivinen toiminta-aika<\/strong><\/p>\n<p>8.00 &#8211; 21.00<\/p>\n<p><strong>Tuonti &#8211; ja hakuajat<\/strong><\/p>\n<p>Koirien ja kissojen tuonnit ja haut 9-16 tai 19-20:30.<\/p>\n<p style=\"text-align: justify;\">Koirat ulkoilevat v\u00e4hint\u00e4\u00e4n 3-4 kertaa p\u00e4iv\u00e4ss\u00e4 yksitellen\/perhekohtaisesti. Lenkitys tapahtuu vapaana hoitolasta suoraan\u00a0 400 m<sup>2<\/sup>\u00a0ulkoilualueella joka on salaojitettu ja\u00a0 soraistettu tai remmilenkill\u00e4 koira kerrallaan. Sopivalla s\u00e4\u00e4ll\u00e4 voi lenkin j\u00e4lkeen j\u00e4\u00e4d\u00e4 ulkotarhaan leikkim\u00e4\u00e4n. Jokainen koira k\u00e4ytet\u00e4\u00e4n pienell\u00e4 lenkill\u00e4 ennen nukkumaanmenoa.<\/p>\n<div id=\"attachment_100\" style=\"width: 310px\" class=\"wp-caption aligncenter\"><a href=\"http:\/\/www.korkeenkoirahoitola.fi\/wp-content\/uploads\/2012\/05\/Hoitolakuvia-057.jpg\"><img aria-describedby=\"caption-attachment-100\" decoding=\"async\" loading=\"lazy\" class=\"size-medium wp-image-100\" title=\"Koirien ruokintaohjeet\" src=\"http:\/\/www.korkeenkoirahoitola.fi\/wp-content\/uploads\/2012\/05\/Hoitolakuvia-057-300x200.jpg\" alt=\"\" width=\"300\" height=\"200\" srcset=\"http:\/\/www.korkeenkoirahoitola.fi\/wp-content\/uploads\/2012\/05\/Hoitolakuvia-057-300x200.jpg 300w, http:\/\/www.korkeenkoirahoitola.fi\/wp-content\/uploads\/2012\/05\/Hoitolakuvia-057.jpg 1024w\" sizes=\"(max-width: 300px) 100vw, 300px\" \/><\/a><p id=\"caption-attachment-100\" class=\"wp-caption-text\">Koirien ruokintaohjeet<\/p><\/div>\n<p style=\"text-align: justify;\">Hoitolassa koirille pyrit\u00e4\u00e4n antamaan samaa ruokaa kuin kotonakin yht\u00e4, sek\u00e4 pienet makupalat\u00a0ja puruluut omistajan toiveen mukaan.<\/p>\n<p style=\"text-align: justify;\">\n","protected":false},"excerpt":{"rendered":"<p>Hoitolan aktiivinen toiminta-aika 8.00 &#8211; 21.00 Tuonti &#8211; ja hakuajat Koirien ja kissojen tuonnit ja haut 9-16 tai 19-20:30. Koirat ulkoilevat v\u00e4hint\u00e4\u00e4n 3-4 kertaa p\u00e4iv\u00e4ss\u00e4 yksitellen\/perhekohtaisesti. Lenkitys tapahtuu vapaana hoitolasta suoraan\u00a0 400 m2\u00a0ulkoilualueella joka on salaojitettu ja\u00a0 soraistettu tai remmilenkill\u00e4 &hellip; <a href=\"http:\/\/www.korkeenkoirahoitola.fi\/?page_id=13\">Continue reading <span class=\"meta-nav\">&rarr;<\/span><\/a><\/p>\n","protected":false},"author":4,"featured_media":0,"parent":0,"menu_order":0,"comment_status":"closed","ping_status":"closed","template":"","meta":[],"_links":{"self":[{"href":"http:\/\/www.korkeenkoirahoitola.fi\/index.php?rest_route=\/wp\/v2\/pages\/13"}],"collection":[{"href":"http:\/\/www.korkeenkoirahoitola.fi\/index.php?rest_route=\/wp\/v2\/pages"}],"about":[{"href":"http:\/\/www.korkeenkoirahoitola.fi\/index.php?rest_route=\/wp\/v2\/types\/page"}],"author":[{"embeddable":true,"href":"http:\/\/www.korkeenkoirahoitola.fi\/index.php?rest_route=\/wp\/v2\/users\/4"}],"replies":[{"embeddable":true,"href":"http:\/\/www.korkeenkoirahoitola.fi\/index.php?rest_route=%2Fwp%2Fv2%2Fcomments&post=13"}],"version-history":[{"count":26,"href":"http:\/\/www.korkeenkoirahoitola.fi\/index.php?rest_route=\/wp\/v2\/pages\/13\/revisions"}],"predecessor-version":[{"id":469,"href":"http:\/\/www.korkeenkoirahoitola.fi\/index.php?rest_route=\/wp\/v2\/pages\/13\/revisions\/469"}],"wp:attachment":[{"href":"http:\/\/www.korkeenkoirahoitola.fi\/index.php?rest_route=%2Fwp%2Fv2%2Fmedia&parent=13"}],"curies":[{"name":"wp","href":"https:\/\/api.w.org\/{rel}","templated":true}]}}