{"id":193,"date":"2012-11-25T19:15:04","date_gmt":"2012-11-25T17:15:04","guid":{"rendered":"http:\/\/www.korkeenkoirahoitola.fi\/?page_id=193"},"modified":"2016-05-01T14:38:31","modified_gmt":"2016-05-01T11:38:31","slug":"henkilokuntaa","status":"publish","type":"page","link":"http:\/\/www.korkeenkoirahoitola.fi\/?page_id=193","title":{"rendered":"Henkil\u00f6kuntaa"},"content":{"rendered":"<p style=\"text-align: justify;\"><strong>Omistajat<\/strong><\/p>\n<p style=\"text-align: justify;\">Olemme <strong>Juha<\/strong> ja <strong>Reetta<\/strong> Majalainen, koiraharrastamiseen hurahtanut aviopari. Olemme harrastaneet koiria molemmat l\u00e4hes koko ik\u00e4mme. Nykyisin kotonamme h\u00e4\u00e4r\u00e4\u00e4 suomenlapinkoiria, alaskanmalamuutteja ja muutama muu joiden kanssa harrastamme monipuolisesti. Pienimuotoisesti kasvatamme koiria kennelnimell\u00e4 <a href=\"http:\/\/www.ataciara.fi\" target=\"_blank\">Ataciara<\/a>.\u00a0\u00a0Kennelin sivuilta l\u00f6ytyy lis\u00e4\u00e4 tietoa koiristamme ja harrastuksistamme. Perustimme Tassujuttu Oy:n 2012 joka osti \u00a0Korkeen koirahoitolan joulukuussa\u00a02012.<\/p>\n<p style=\"text-align: justify;\">Koirahoitolan pit\u00e4miseen olemme tutustuneet hiljalleen Juhan \u00e4idin Marjan perustaessa ja yll\u00e4pit\u00e4ess\u00e4 Korkeen Koirahoitolaa. Marjan siirtyess\u00e4 ansaitulle el\u00e4kkeelle toteutimme haaveemme ja jatkamme h\u00e4nen loistavasti yll\u00e4pit\u00e4m\u00e4\u00e4ns\u00e4 hoitolaa.<\/p>\n<p style=\"text-align: justify;\">Perheeseemme kuuluvat tytt\u00e4remme <strong>Eerika<\/strong> (-97) ja <strong>Pauliina<\/strong> (-99), jotka harrastavat omien koiriensa kanssa sek\u00e4 osallistuvat hoitolan toimintaan hiljalleen kes\u00e4t\u00f6in\u00e4\u00e4n yms. Sek\u00e4 poikamme<strong> Sampo<\/strong>(-05), jonka l\u00f6yt\u00e4\u00e4 jalkapalloilemasta tai py\u00f6r\u00e4ilem\u00e4st\u00e4 tilan nurmikoilta.<\/p>\n<p style=\"text-align: justify;\"><strong>Henkil\u00f6kunta<\/strong><\/p>\n<p style=\"text-align: justify;\"><strong>Marja<\/strong> on hoitolan perustaja ja varmasti kaikille vanhoille asiakkaillekin tuttu. Marja siirtyy hiljalleen el\u00e4kkeelle, mutta auttelee hoitolan t\u00f6iss\u00e4 tarpeen mukaan ja on meid\u00e4n muiden tukena. Marjan k\u00e4siss\u00e4 pelokkaimmatkin koirat rauhoittuvat.<\/p>\n<p style=\"text-align: justify;\"><strong>Elina <\/strong>koulutettu\u00a0pienel\u00e4inhoitaja. Elina on ollut hoitolalla t\u00f6iss\u00e4 2013 alkaen.<\/p>\n<p style=\"text-align: justify;\"><strong>Tinja<\/strong> on koulutettu pienel\u00e4inhoitaja. Tinja ty\u00f6skentelee meill\u00e4 aina tarpeen vaatiessa kiireapulaisena tai sijaisen.<\/p>\n<p style=\"text-align: justify;\">Vakituisten hoitajiemme lis\u00e4ksi hoitolalla on ajoittain opiskelijoita ja nuoria kes\u00e4ty\u00f6ntekij\u00f6it\u00e4.<\/p>\n<p style=\"text-align: justify;\">\n","protected":false},"excerpt":{"rendered":"<p>Omistajat Olemme Juha ja Reetta Majalainen, koiraharrastamiseen hurahtanut aviopari. Olemme harrastaneet koiria molemmat l\u00e4hes koko ik\u00e4mme. Nykyisin kotonamme h\u00e4\u00e4r\u00e4\u00e4 suomenlapinkoiria, alaskanmalamuutteja ja muutama muu joiden kanssa harrastamme monipuolisesti. Pienimuotoisesti kasvatamme koiria kennelnimell\u00e4 Ataciara.\u00a0\u00a0Kennelin sivuilta l\u00f6ytyy lis\u00e4\u00e4 tietoa koiristamme ja harrastuksistamme. &hellip; <a href=\"http:\/\/www.korkeenkoirahoitola.fi\/?page_id=193\">Continue reading <span class=\"meta-nav\">&rarr;<\/span><\/a><\/p>\n","protected":false},"author":4,"featured_media":0,"parent":0,"menu_order":0,"comment_status":"closed","ping_status":"open","template":"","meta":[],"_links":{"self":[{"href":"http:\/\/www.korkeenkoirahoitola.fi\/index.php?rest_route=\/wp\/v2\/pages\/193"}],"collection":[{"href":"http:\/\/www.korkeenkoirahoitola.fi\/index.php?rest_route=\/wp\/v2\/pages"}],"about":[{"href":"http:\/\/www.korkeenkoirahoitola.fi\/index.php?rest_route=\/wp\/v2\/types\/page"}],"author":[{"embeddable":true,"href":"http:\/\/www.korkeenkoirahoitola.fi\/index.php?rest_route=\/wp\/v2\/users\/4"}],"replies":[{"embeddable":true,"href":"http:\/\/www.korkeenkoirahoitola.fi\/index.php?rest_route=%2Fwp%2Fv2%2Fcomments&post=193"}],"version-history":[{"count":21,"href":"http:\/\/www.korkeenkoirahoitola.fi\/index.php?rest_route=\/wp\/v2\/pages\/193\/revisions"}],"predecessor-version":[{"id":429,"href":"http:\/\/www.korkeenkoirahoitola.fi\/index.php?rest_route=\/wp\/v2\/pages\/193\/revisions\/429"}],"wp:attachment":[{"href":"http:\/\/www.korkeenkoirahoitola.fi\/index.php?rest_route=%2Fwp%2Fv2%2Fmedia&parent=193"}],"curies":[{"name":"wp","href":"https:\/\/api.w.org\/{rel}","templated":true}]}}