{"id":216,"date":"2012-11-27T08:53:58","date_gmt":"2012-11-27T06:53:58","guid":{"rendered":"http:\/\/www.korkeenkoirahoitola.fi\/?page_id=216"},"modified":"2025-05-31T10:50:42","modified_gmt":"2025-05-31T07:50:42","slug":"hinnasto-2","status":"publish","type":"page","link":"http:\/\/www.korkeenkoirahoitola.fi\/?page_id=216","title":{"rendered":"Hinnasto"},"content":{"rendered":"<p><strong>KOIRAT<\/strong>:<\/p>\n<p>Ensimm\u00e4inen vuorokausi aina <strong>+35\u20ac\/vrk<\/strong><\/p>\n<p>Seuraavat vuorokaudet:<\/p>\n<p>Yli 45cm koira________________30\u20ac\/vrk<\/p>\n<p>Alle 45 cm koira_______________25\u20ac\/vrk<\/p>\n<p>Perheen toinen koira samassa paikassa:<\/p>\n<p>Yli 45cm___________________20\u20ac\/vrk<\/p>\n<p>Alle 45cm__________________15\u20ac\/vrk<\/p>\n<p>Seuraavat koirat 10\u20ac\/vrk<\/p>\n<p><strong>KISSAT<\/strong><\/p>\n<p>Ensimm\u00e4inen vuorokausi\u00a0 aina <strong>+25\u20ac\/vrk<\/strong><\/p>\n<p>Seuraavat\u00a0 vuorokaudet_________20\u20ac<\/p>\n<p>Toinen kissa samassa paikassa____15\u20ac<\/p>\n<p>kolmas kissa________________10\u20ac<\/p>\n<ul>\n<li>Hinnasto voimassa 1.9.2022 alkaen varattuihin hoitoihin<span style=\"color: #000000;\"><b>,<\/b><\/span>sis\u00e4lt\u00e4\u00e4 25,5% alv<\/li>\n<li>Hoidot maksetaan hoitoon tuotaessa.<\/li>\n<li>Hoitolassa <strong>voi maksaa<\/strong> yleisill\u00e4 kotimaisilla <strong>pankkikorteilla<\/strong> ja <strong>k\u00e4teisell\u00e4<\/strong>.<\/li>\n<li>Hinnat lasketaan hoidettavien \u00f6iden mukaan<\/li>\n<li><span style=\"color: #000000;\"><b>Kello 21.00 j\u00e4lkeen haettavista koirista veloitamme ylim\u00e4\u00e4r\u00e4isen vuorokausihinnan<\/b><\/span><\/li>\n<li>Minimiveloitus yksi vuorokausi<\/li>\n<li><strong>Pyyd\u00e4mme ilmoittamaan peruutukset mahdollisimman aikaisin.<br \/>\n<\/strong><\/li>\n<li><strong>Peruuttamattomista hoidoista laskutamme varatun hoidon hinnan.<\/strong><\/li>\n<\/ul>\n<div><span style=\"font-size: medium;\"><span style=\"line-height: 24px;\">\u00a0<\/span><\/span><\/div>\n<ul>\n<li>Kissojen hinnat sis\u00e4lt\u00e4v\u00e4t hiekan, tuore- ja kuivaruuan (esim. Latz, Friskies ja Kitekat).<\/li>\n<li>Ensimm\u00e4iseksi koiraksi lasketaan perheen suurin koira<\/li>\n<li>Seuraavien koirien\/kissojen alennus edellytt\u00e4\u00e4 y\u00f6pymist\u00e4 samassa yksi\u00f6ss\u00e4<\/li>\n<li>Kissat ja koirat eiv\u00e4t voi y\u00f6py\u00e4 samoissa tiloissa<\/li>\n<li>Ihmisille agressiivisen koiran hoidosta ja hinnoista sovittava erikseen.<\/li>\n<li>Isomman lauman hoidosta kysy tarjous.<\/li>\n<li>Pitkist\u00e4 yli kuukauden hoitojaksoista kysy tarjous!<\/li>\n<\/ul>\n<p>Pesu ja Trimmauspalvelut my\u00f6s Hoidon aikana<\/p>\n<p><a href=\"https:\/\/www.trimmauspalvelutiitiainen.fi\/hinnasto\/\">Trimmauspalvelu Tiiti\u00e4inen<\/a><\/p>\n","protected":false},"excerpt":{"rendered":"<p>KOIRAT: Ensimm\u00e4inen vuorokausi aina +35\u20ac\/vrk Seuraavat vuorokaudet: Yli 45cm koira________________30\u20ac\/vrk Alle 45 cm koira_______________25\u20ac\/vrk Perheen toinen koira samassa paikassa: Yli 45cm___________________20\u20ac\/vrk Alle 45cm__________________15\u20ac\/vrk Seuraavat koirat 10\u20ac\/vrk KISSAT Ensimm\u00e4inen vuorokausi\u00a0 aina +25\u20ac\/vrk Seuraavat\u00a0 vuorokaudet_________20\u20ac Toinen kissa samassa paikassa____15\u20ac kolmas kissa________________10\u20ac Hinnasto &hellip; <a href=\"http:\/\/www.korkeenkoirahoitola.fi\/?page_id=216\">Continue reading <span class=\"meta-nav\">&rarr;<\/span><\/a><\/p>\n","protected":false},"author":4,"featured_media":0,"parent":0,"menu_order":0,"comment_status":"closed","ping_status":"open","template":"","meta":[],"_links":{"self":[{"href":"http:\/\/www.korkeenkoirahoitola.fi\/index.php?rest_route=\/wp\/v2\/pages\/216"}],"collection":[{"href":"http:\/\/www.korkeenkoirahoitola.fi\/index.php?rest_route=\/wp\/v2\/pages"}],"about":[{"href":"http:\/\/www.korkeenkoirahoitola.fi\/index.php?rest_route=\/wp\/v2\/types\/page"}],"author":[{"embeddable":true,"href":"http:\/\/www.korkeenkoirahoitola.fi\/index.php?rest_route=\/wp\/v2\/users\/4"}],"replies":[{"embeddable":true,"href":"http:\/\/www.korkeenkoirahoitola.fi\/index.php?rest_route=%2Fwp%2Fv2%2Fcomments&post=216"}],"version-history":[{"count":70,"href":"http:\/\/www.korkeenkoirahoitola.fi\/index.php?rest_route=\/wp\/v2\/pages\/216\/revisions"}],"predecessor-version":[{"id":620,"href":"http:\/\/www.korkeenkoirahoitola.fi\/index.php?rest_route=\/wp\/v2\/pages\/216\/revisions\/620"}],"wp:attachment":[{"href":"http:\/\/www.korkeenkoirahoitola.fi\/index.php?rest_route=%2Fwp%2Fv2%2Fmedia&parent=216"}],"curies":[{"name":"wp","href":"https:\/\/api.w.org\/{rel}","templated":true}]}}