{"id":26,"date":"2011-12-07T17:47:03","date_gmt":"2011-12-07T15:47:03","guid":{"rendered":"http:\/\/www.ataciara.fi\/korkeenkoirahoitola\/?page_id=26"},"modified":"2015-07-05T23:06:28","modified_gmt":"2015-07-05T20:06:28","slug":"kissala","status":"publish","type":"page","link":"http:\/\/www.korkeenkoirahoitola.fi\/?page_id=26","title":{"rendered":"Kissahoitola"},"content":{"rendered":"<div id=\"attachment_171\" style=\"width: 584px\" class=\"wp-caption aligncenter\"><a href=\"http:\/\/www.korkeenkoirahoitola.fi\/wp-content\/uploads\/2012\/05\/kissala1.jpg\"><img aria-describedby=\"caption-attachment-171\" decoding=\"async\" loading=\"lazy\" class=\" wp-image-171\" title=\"Kissalan sis\u00e4tilat\" src=\"http:\/\/www.korkeenkoirahoitola.fi\/wp-content\/uploads\/2012\/05\/kissala1.jpg\" alt=\"\" width=\"574\" height=\"383\" srcset=\"http:\/\/www.korkeenkoirahoitola.fi\/wp-content\/uploads\/2012\/05\/kissala1.jpg 1024w, http:\/\/www.korkeenkoirahoitola.fi\/wp-content\/uploads\/2012\/05\/kissala1-300x200.jpg 300w\" sizes=\"(max-width: 574px) 100vw, 574px\" \/><\/a><p id=\"caption-attachment-171\" class=\"wp-caption-text\">Kissalan sis\u00e4tilat<\/p><\/div>\n<p style=\"text-align: justify;\">Kissahoitola on oma erillinen l\u00e4mmitetty rakennuksensa. Kissat saavat olla yhdess\u00e4 saman perheen kissojen kanssa tai yksikseen. Kissat ruokitaan tutulla ruoalla hoitojakson aikana.<\/p>\n<div id=\"attachment_94\" style=\"width: 280px\" class=\"wp-caption alignleft\"><a href=\"http:\/\/www.korkeenkoirahoitola.fi\/wp-content\/uploads\/2012\/05\/Hoitolakuvia-027.jpg\"><img aria-describedby=\"caption-attachment-94\" decoding=\"async\" loading=\"lazy\" class=\" wp-image-94 \" title=\"Kissala\" src=\"http:\/\/www.korkeenkoirahoitola.fi\/wp-content\/uploads\/2012\/05\/Hoitolakuvia-027-300x200.jpg\" alt=\"\" width=\"270\" height=\"180\" srcset=\"http:\/\/www.korkeenkoirahoitola.fi\/wp-content\/uploads\/2012\/05\/Hoitolakuvia-027-300x200.jpg 300w, http:\/\/www.korkeenkoirahoitola.fi\/wp-content\/uploads\/2012\/05\/Hoitolakuvia-027.jpg 1024w\" sizes=\"(max-width: 270px) 100vw, 270px\" \/><\/a><p id=\"caption-attachment-94\" class=\"wp-caption-text\">Kissala jossa 3 paikkaa<\/p><\/div>\n<div id=\"attachment_95\" style=\"width: 280px\" class=\"wp-caption alignright\"><a href=\"http:\/\/www.korkeenkoirahoitola.fi\/wp-content\/uploads\/2012\/05\/Hoitolakuvia-031.jpg\"><img aria-describedby=\"caption-attachment-95\" decoding=\"async\" loading=\"lazy\" class=\" wp-image-95 \" title=\"Kissalan ulkotilat\" src=\"http:\/\/www.korkeenkoirahoitola.fi\/wp-content\/uploads\/2012\/05\/Hoitolakuvia-031-300x200.jpg\" alt=\"\" width=\"270\" height=\"180\" srcset=\"http:\/\/www.korkeenkoirahoitola.fi\/wp-content\/uploads\/2012\/05\/Hoitolakuvia-031-300x200.jpg 300w, http:\/\/www.korkeenkoirahoitola.fi\/wp-content\/uploads\/2012\/05\/Hoitolakuvia-031.jpg 1024w\" sizes=\"(max-width: 270px) 100vw, 270px\" \/><\/a><p id=\"caption-attachment-95\" class=\"wp-caption-text\">Kissalan ulkotilat<\/p><\/div>\n<p style=\"text-align: justify;\">Rakennuksessa on tilat kolmen eri perheen kissoille. Tiloissa on sis\u00e4ll\u00e4 kiipeilymahdollisuuksia kolmessa tasossa. Hyv\u00e4ll\u00e4 s\u00e4\u00e4ll\u00e4 ikkunaa ulos voidaan pit\u00e4\u00e4 aina auki. Huonommalla ilmalla ulkoilu vain ajoittain. Ulkoh\u00e4kiss\u00e4 my\u00f6s erilaisia kiipeilymahdollisuuksia ja katto p\u00e4\u00e4n p\u00e4\u00e4ll\u00e4.<\/p>\n<p style=\"text-align: justify;\">\n","protected":false},"excerpt":{"rendered":"<p>Kissahoitola on oma erillinen l\u00e4mmitetty rakennuksensa. Kissat saavat olla yhdess\u00e4 saman perheen kissojen kanssa tai yksikseen. Kissat ruokitaan tutulla ruoalla hoitojakson aikana. Rakennuksessa on tilat kolmen eri perheen kissoille. Tiloissa on sis\u00e4ll\u00e4 kiipeilymahdollisuuksia kolmessa tasossa. Hyv\u00e4ll\u00e4 s\u00e4\u00e4ll\u00e4 ikkunaa ulos voidaan &hellip; <a href=\"http:\/\/www.korkeenkoirahoitola.fi\/?page_id=26\">Continue reading <span class=\"meta-nav\">&rarr;<\/span><\/a><\/p>\n","protected":false},"author":4,"featured_media":0,"parent":0,"menu_order":0,"comment_status":"closed","ping_status":"open","template":"","meta":[],"_links":{"self":[{"href":"http:\/\/www.korkeenkoirahoitola.fi\/index.php?rest_route=\/wp\/v2\/pages\/26"}],"collection":[{"href":"http:\/\/www.korkeenkoirahoitola.fi\/index.php?rest_route=\/wp\/v2\/pages"}],"about":[{"href":"http:\/\/www.korkeenkoirahoitola.fi\/index.php?rest_route=\/wp\/v2\/types\/page"}],"author":[{"embeddable":true,"href":"http:\/\/www.korkeenkoirahoitola.fi\/index.php?rest_route=\/wp\/v2\/users\/4"}],"replies":[{"embeddable":true,"href":"http:\/\/www.korkeenkoirahoitola.fi\/index.php?rest_route=%2Fwp%2Fv2%2Fcomments&post=26"}],"version-history":[{"count":13,"href":"http:\/\/www.korkeenkoirahoitola.fi\/index.php?rest_route=\/wp\/v2\/pages\/26\/revisions"}],"predecessor-version":[{"id":411,"href":"http:\/\/www.korkeenkoirahoitola.fi\/index.php?rest_route=\/wp\/v2\/pages\/26\/revisions\/411"}],"wp:attachment":[{"href":"http:\/\/www.korkeenkoirahoitola.fi\/index.php?rest_route=%2Fwp%2Fv2%2Fmedia&parent=26"}],"curies":[{"name":"wp","href":"https:\/\/api.w.org\/{rel}","templated":true}]}}