{"id":477,"date":"2019-04-20T18:31:43","date_gmt":"2019-04-20T15:31:43","guid":{"rendered":"http:\/\/www.korkeenkoirahoitola.fi\/?page_id=477"},"modified":"2019-04-21T22:01:12","modified_gmt":"2019-04-21T19:01:12","slug":"tunnistusmerkinta","status":"publish","type":"page","link":"http:\/\/www.korkeenkoirahoitola.fi\/?page_id=477","title":{"rendered":"Tunnistusmerkint\u00e4"},"content":{"rendered":"<p>Koirien ja kissojen tunnistusmerkint\u00e4 mikrosiruilla. Reetta on Kennelliiton virallinen tunnistusmerkitsij\u00e4 ja hoitaa sirutukset.<\/p>\n<p>Kissat ja koirat 25\u20ac\/siru, sis\u00e4lt\u00e4\u00e4 rekister\u00f6innin turvasiru palveluun tai kennelliittoon halutessasi.<\/p>\n<p>Pentueet ja kotik\u00e4ynnit lis\u00e4ksi kilometrikorvaukset.<\/p>\n<p><img decoding=\"async\" loading=\"lazy\" class=\"alignnone size-medium wp-image-483\" src=\"http:\/\/www.korkeenkoirahoitola.fi\/wp-content\/uploads\/49102319_2140291609354375_7816328166430998528_o-300x200.jpg\" alt=\"\" width=\"300\" height=\"200\" srcset=\"http:\/\/www.korkeenkoirahoitola.fi\/wp-content\/uploads\/49102319_2140291609354375_7816328166430998528_o-300x200.jpg 300w, http:\/\/www.korkeenkoirahoitola.fi\/wp-content\/uploads\/49102319_2140291609354375_7816328166430998528_o-768x512.jpg 768w, http:\/\/www.korkeenkoirahoitola.fi\/wp-content\/uploads\/49102319_2140291609354375_7816328166430998528_o-1024x683.jpg 1024w, http:\/\/www.korkeenkoirahoitola.fi\/wp-content\/uploads\/49102319_2140291609354375_7816328166430998528_o.jpg 2048w\" sizes=\"(max-width: 300px) 100vw, 300px\" \/><\/p>\n<p>&nbsp;<\/p>\n","protected":false},"excerpt":{"rendered":"<p>Koirien ja kissojen tunnistusmerkint\u00e4 mikrosiruilla. Reetta on Kennelliiton virallinen tunnistusmerkitsij\u00e4 ja hoitaa sirutukset. Kissat ja koirat 25\u20ac\/siru, sis\u00e4lt\u00e4\u00e4 rekister\u00f6innin turvasiru palveluun tai kennelliittoon halutessasi. Pentueet ja kotik\u00e4ynnit lis\u00e4ksi kilometrikorvaukset. &nbsp;<\/p>\n","protected":false},"author":3,"featured_media":0,"parent":0,"menu_order":0,"comment_status":"closed","ping_status":"closed","template":"","meta":[],"_links":{"self":[{"href":"http:\/\/www.korkeenkoirahoitola.fi\/index.php?rest_route=\/wp\/v2\/pages\/477"}],"collection":[{"href":"http:\/\/www.korkeenkoirahoitola.fi\/index.php?rest_route=\/wp\/v2\/pages"}],"about":[{"href":"http:\/\/www.korkeenkoirahoitola.fi\/index.php?rest_route=\/wp\/v2\/types\/page"}],"author":[{"embeddable":true,"href":"http:\/\/www.korkeenkoirahoitola.fi\/index.php?rest_route=\/wp\/v2\/users\/3"}],"replies":[{"embeddable":true,"href":"http:\/\/www.korkeenkoirahoitola.fi\/index.php?rest_route=%2Fwp%2Fv2%2Fcomments&post=477"}],"version-history":[{"count":4,"href":"http:\/\/www.korkeenkoirahoitola.fi\/index.php?rest_route=\/wp\/v2\/pages\/477\/revisions"}],"predecessor-version":[{"id":499,"href":"http:\/\/www.korkeenkoirahoitola.fi\/index.php?rest_route=\/wp\/v2\/pages\/477\/revisions\/499"}],"wp:attachment":[{"href":"http:\/\/www.korkeenkoirahoitola.fi\/index.php?rest_route=%2Fwp%2Fv2%2Fmedia&parent=477"}],"curies":[{"name":"wp","href":"https:\/\/api.w.org\/{rel}","templated":true}]}}