{"id":512,"date":"2020-04-20T17:46:17","date_gmt":"2020-04-20T14:46:17","guid":{"rendered":"http:\/\/www.korkeenkoirahoitola.fi\/?page_id=512"},"modified":"2020-04-20T17:46:17","modified_gmt":"2020-04-20T14:46:17","slug":"kentan-vuokraus","status":"publish","type":"page","link":"http:\/\/www.korkeenkoirahoitola.fi\/?page_id=512","title":{"rendered":"Kent\u00e4n vuokraus"},"content":{"rendered":"<p>Hoitolan alueella on noin 5000 m2 nurmikkokentt\u00e4, joka on aidattu 1,8m korkealle verkolla. Kentt\u00e4 on tarkoitettu koirien juoksuttamiseen ja kouluttamiseen.<\/p>\n<p>Vuokraamme kentt\u00e4\u00e4 yksityisille ihmisille omaan k\u00e4ytt\u00f6\u00f6n 20\u20ac\/h. Voit my\u00f6s varata esimerkiksi \u00bdh tai 2h.<\/p>\n<p>Tervetuloa tutustumaan!<\/p>\n<p><img decoding=\"async\" loading=\"lazy\" class=\"alignright size-large wp-image-520\" src=\"http:\/\/www.korkeenkoirahoitola.fi\/wp-content\/uploads\/84333707_2944383815611813_1034305825130151936_o-1024x683.jpg\" alt=\"\" width=\"640\" height=\"427\" srcset=\"http:\/\/www.korkeenkoirahoitola.fi\/wp-content\/uploads\/84333707_2944383815611813_1034305825130151936_o-1024x683.jpg 1024w, http:\/\/www.korkeenkoirahoitola.fi\/wp-content\/uploads\/84333707_2944383815611813_1034305825130151936_o-300x200.jpg 300w, http:\/\/www.korkeenkoirahoitola.fi\/wp-content\/uploads\/84333707_2944383815611813_1034305825130151936_o-768x512.jpg 768w, http:\/\/www.korkeenkoirahoitola.fi\/wp-content\/uploads\/84333707_2944383815611813_1034305825130151936_o.jpg 1440w\" sizes=\"(max-width: 640px) 100vw, 640px\" \/> <img decoding=\"async\" loading=\"lazy\" class=\"alignright size-full wp-image-519\" src=\"http:\/\/www.korkeenkoirahoitola.fi\/wp-content\/uploads\/82424053_10212550501556929_2943821183688114176_n.jpg\" alt=\"\" width=\"803\" height=\"960\" srcset=\"http:\/\/www.korkeenkoirahoitola.fi\/wp-content\/uploads\/82424053_10212550501556929_2943821183688114176_n.jpg 803w, http:\/\/www.korkeenkoirahoitola.fi\/wp-content\/uploads\/82424053_10212550501556929_2943821183688114176_n-251x300.jpg 251w, http:\/\/www.korkeenkoirahoitola.fi\/wp-content\/uploads\/82424053_10212550501556929_2943821183688114176_n-768x918.jpg 768w\" sizes=\"(max-width: 803px) 100vw, 803px\" \/> <img decoding=\"async\" loading=\"lazy\" class=\"alignright size-full wp-image-518\" src=\"http:\/\/www.korkeenkoirahoitola.fi\/wp-content\/uploads\/75303713_2635272456522952_3330488078505607168_n.jpg\" alt=\"\" width=\"960\" height=\"720\" srcset=\"http:\/\/www.korkeenkoirahoitola.fi\/wp-content\/uploads\/75303713_2635272456522952_3330488078505607168_n.jpg 960w, http:\/\/www.korkeenkoirahoitola.fi\/wp-content\/uploads\/75303713_2635272456522952_3330488078505607168_n-300x225.jpg 300w, http:\/\/www.korkeenkoirahoitola.fi\/wp-content\/uploads\/75303713_2635272456522952_3330488078505607168_n-768x576.jpg 768w\" sizes=\"(max-width: 960px) 100vw, 960px\" \/> <img decoding=\"async\" loading=\"lazy\" class=\"alignright size-large wp-image-517\" src=\"http:\/\/www.korkeenkoirahoitola.fi\/wp-content\/uploads\/73108480_2633239453392919_4964517878146531328_o-1024x659.jpg\" alt=\"\" width=\"640\" height=\"412\" srcset=\"http:\/\/www.korkeenkoirahoitola.fi\/wp-content\/uploads\/73108480_2633239453392919_4964517878146531328_o-1024x659.jpg 1024w, http:\/\/www.korkeenkoirahoitola.fi\/wp-content\/uploads\/73108480_2633239453392919_4964517878146531328_o-300x193.jpg 300w, http:\/\/www.korkeenkoirahoitola.fi\/wp-content\/uploads\/73108480_2633239453392919_4964517878146531328_o-768x494.jpg 768w, http:\/\/www.korkeenkoirahoitola.fi\/wp-content\/uploads\/73108480_2633239453392919_4964517878146531328_o.jpg 1177w\" sizes=\"(max-width: 640px) 100vw, 640px\" \/> <img decoding=\"async\" loading=\"lazy\" class=\"alignright size-large wp-image-516\" src=\"http:\/\/www.korkeenkoirahoitola.fi\/wp-content\/uploads\/67886682_2486645984718934_4695409795908239360_o-1024x683.jpg\" alt=\"\" width=\"640\" height=\"427\" srcset=\"http:\/\/www.korkeenkoirahoitola.fi\/wp-content\/uploads\/67886682_2486645984718934_4695409795908239360_o-1024x683.jpg 1024w, http:\/\/www.korkeenkoirahoitola.fi\/wp-content\/uploads\/67886682_2486645984718934_4695409795908239360_o-300x200.jpg 300w, http:\/\/www.korkeenkoirahoitola.fi\/wp-content\/uploads\/67886682_2486645984718934_4695409795908239360_o-768x512.jpg 768w, http:\/\/www.korkeenkoirahoitola.fi\/wp-content\/uploads\/67886682_2486645984718934_4695409795908239360_o.jpg 1440w\" sizes=\"(max-width: 640px) 100vw, 640px\" \/> <img decoding=\"async\" loading=\"lazy\" class=\"alignright size-large wp-image-515\" src=\"http:\/\/www.korkeenkoirahoitola.fi\/wp-content\/uploads\/67517896_2469255986457934_2560152601244991488_o-1024x683.jpg\" alt=\"\" width=\"640\" height=\"427\" srcset=\"http:\/\/www.korkeenkoirahoitola.fi\/wp-content\/uploads\/67517896_2469255986457934_2560152601244991488_o-1024x683.jpg 1024w, http:\/\/www.korkeenkoirahoitola.fi\/wp-content\/uploads\/67517896_2469255986457934_2560152601244991488_o-300x200.jpg 300w, http:\/\/www.korkeenkoirahoitola.fi\/wp-content\/uploads\/67517896_2469255986457934_2560152601244991488_o-768x512.jpg 768w, http:\/\/www.korkeenkoirahoitola.fi\/wp-content\/uploads\/67517896_2469255986457934_2560152601244991488_o.jpg 1440w\" sizes=\"(max-width: 640px) 100vw, 640px\" \/> <img decoding=\"async\" loading=\"lazy\" class=\"alignright size-large wp-image-514\" src=\"http:\/\/www.korkeenkoirahoitola.fi\/wp-content\/uploads\/67477678_2486642214719311_4166821470640537600_o-1024x683.jpg\" alt=\"\" width=\"640\" height=\"427\" srcset=\"http:\/\/www.korkeenkoirahoitola.fi\/wp-content\/uploads\/67477678_2486642214719311_4166821470640537600_o-1024x683.jpg 1024w, http:\/\/www.korkeenkoirahoitola.fi\/wp-content\/uploads\/67477678_2486642214719311_4166821470640537600_o-300x200.jpg 300w, http:\/\/www.korkeenkoirahoitola.fi\/wp-content\/uploads\/67477678_2486642214719311_4166821470640537600_o-768x512.jpg 768w, http:\/\/www.korkeenkoirahoitola.fi\/wp-content\/uploads\/67477678_2486642214719311_4166821470640537600_o.jpg 1440w\" sizes=\"(max-width: 640px) 100vw, 640px\" \/> <img decoding=\"async\" loading=\"lazy\" class=\"alignright size-large wp-image-513\" src=\"http:\/\/www.korkeenkoirahoitola.fi\/wp-content\/uploads\/67026239_2469255689791297_5764560759430316032_o-1024x683.jpg\" alt=\"\" width=\"640\" height=\"427\" srcset=\"http:\/\/www.korkeenkoirahoitola.fi\/wp-content\/uploads\/67026239_2469255689791297_5764560759430316032_o-1024x683.jpg 1024w, http:\/\/www.korkeenkoirahoitola.fi\/wp-content\/uploads\/67026239_2469255689791297_5764560759430316032_o-300x200.jpg 300w, http:\/\/www.korkeenkoirahoitola.fi\/wp-content\/uploads\/67026239_2469255689791297_5764560759430316032_o-768x512.jpg 768w, http:\/\/www.korkeenkoirahoitola.fi\/wp-content\/uploads\/67026239_2469255689791297_5764560759430316032_o.jpg 1440w\" sizes=\"(max-width: 640px) 100vw, 640px\" \/><\/p>\n","protected":false},"excerpt":{"rendered":"<p>Hoitolan alueella on noin 5000 m2 nurmikkokentt\u00e4, joka on aidattu 1,8m korkealle verkolla. Kentt\u00e4 on tarkoitettu koirien juoksuttamiseen ja kouluttamiseen. Vuokraamme kentt\u00e4\u00e4 yksityisille ihmisille omaan k\u00e4ytt\u00f6\u00f6n 20\u20ac\/h. Voit my\u00f6s varata esimerkiksi \u00bdh tai 2h. Tervetuloa tutustumaan!<\/p>\n","protected":false},"author":3,"featured_media":0,"parent":0,"menu_order":0,"comment_status":"closed","ping_status":"closed","template":"","meta":[],"_links":{"self":[{"href":"http:\/\/www.korkeenkoirahoitola.fi\/index.php?rest_route=\/wp\/v2\/pages\/512"}],"collection":[{"href":"http:\/\/www.korkeenkoirahoitola.fi\/index.php?rest_route=\/wp\/v2\/pages"}],"about":[{"href":"http:\/\/www.korkeenkoirahoitola.fi\/index.php?rest_route=\/wp\/v2\/types\/page"}],"author":[{"embeddable":true,"href":"http:\/\/www.korkeenkoirahoitola.fi\/index.php?rest_route=\/wp\/v2\/users\/3"}],"replies":[{"embeddable":true,"href":"http:\/\/www.korkeenkoirahoitola.fi\/index.php?rest_route=%2Fwp%2Fv2%2Fcomments&post=512"}],"version-history":[{"count":1,"href":"http:\/\/www.korkeenkoirahoitola.fi\/index.php?rest_route=\/wp\/v2\/pages\/512\/revisions"}],"predecessor-version":[{"id":523,"href":"http:\/\/www.korkeenkoirahoitola.fi\/index.php?rest_route=\/wp\/v2\/pages\/512\/revisions\/523"}],"wp:attachment":[{"href":"http:\/\/www.korkeenkoirahoitola.fi\/index.php?rest_route=%2Fwp%2Fv2%2Fmedia&parent=512"}],"curies":[{"name":"wp","href":"https:\/\/api.w.org\/{rel}","templated":true}]}}